{"id":1015,"date":"2023-07-06T12:27:24","date_gmt":"2023-07-06T12:27:24","guid":{"rendered":"https:\/\/bertavalganon.com\/avisolegal\/"},"modified":"2023-11-16T15:10:10","modified_gmt":"2023-11-16T15:10:10","slug":"avisolegal","status":"publish","type":"page","link":"https:\/\/bertavalganon.com\/en\/avisolegal\/","title":{"rendered":"AVISO LEGAL"},"content":{"rendered":"[vc_row type=&#8221;full_width_background&#8221; full_screen_row_position=&#8221;middle&#8221; column_margin=&#8221;default&#8221; column_direction=&#8221;default&#8221; column_direction_tablet=&#8221;default&#8221; column_direction_phone=&#8221;default&#8221; scene_position=&#8221;center&#8221; top_padding=&#8221;100&#8243; constrain_group_1=&#8221;yes&#8221; bottom_padding=&#8221;100&#8243; left_padding_desktop=&#8221;200&#8243; constrain_group_2=&#8221;yes&#8221; right_padding_desktop=&#8221;200&#8243; text_color=&#8221;dark&#8221; text_align=&#8221;left&#8221; row_border_radius=&#8221;none&#8221; row_border_radius_applies=&#8221;bg&#8221; overflow=&#8221;visible&#8221; overlay_strength=&#8221;0.3&#8243; gradient_direction=&#8221;left_to_right&#8221; shape_divider_position=&#8221;bottom&#8221; bg_image_animation=&#8221;none&#8221; gradient_type=&#8221;default&#8221; shape_type=&#8221;&#8221;][vc_column column_padding=&#8221;no-extra-padding&#8221; column_padding_tablet=&#8221;inherit&#8221; column_padding_phone=&#8221;inherit&#8221; column_padding_position=&#8221;all&#8221; column_element_direction_desktop=&#8221;default&#8221; column_element_spacing=&#8221;default&#8221; desktop_text_alignment=&#8221;default&#8221; tablet_text_alignment=&#8221;default&#8221; phone_text_alignment=&#8221;default&#8221; background_color=&#8221;#e0e0d8&#8243; background_color_opacity=&#8221;0.9&#8243; background_color_hover=&#8221;#e0e0d8&#8243; background_hover_color_opacity=&#8221;0.9&#8243; background_image=&#8221;521&#8243; background_image_position=&#8221;center center&#8221; background_image_stacking=&#8221;default&#8221; background_image_loading=&#8221;lazy-load&#8221; column_backdrop_filter=&#8221;none&#8221; column_shadow=&#8221;none&#8221; column_border_radius=&#8221;none&#8221; column_link_target=&#8221;_self&#8221; column_position=&#8221;default&#8221; gradient_direction=&#8221;left_to_right&#8221; overlay_strength=&#8221;0.3&#8243; width=&#8221;1\/1&#8243; tablet_width_inherit=&#8221;default&#8221; animation_type=&#8221;default&#8221; bg_image_animation=&#8221;none&#8221; border_type=&#8221;simple&#8221; column_border_width=&#8221;none&#8221; column_border_style=&#8221;solid&#8221; column_padding_type=&#8221;default&#8221; gradient_type=&#8221;default&#8221;][vc_column_text]\n<h3>Aviso legal<\/h3>\n<p>Por la mera utilizaci\u00f3n del presente sitio web adquiere la condici\u00f3n de usuario. La utilizaci\u00f3n del mismo y de cualquiera de sus servicios significa su aceptaci\u00f3n como usuario, sin reservas de ninguna clase, de todas y cada una de las presentes condiciones generales as\u00ed como a las condiciones particulares que, en su caso, rijan la utilizaci\u00f3n de cierta informaci\u00f3n o de ciertos servicios vinculados al sitio web.<\/p>\n<h4>1. Datos identificativos<\/h4>\n<p>La persona titular de www.pretiumbodega.com es Berta Valga\u00f1\u00f3n Garc\u00eda (en adelante Mi Empresa), con N.I.F 71.341.184-Z. Puede contactar con nosotros a trav\u00e9s del tel\u00e9fono (+34)630591159 o del correo electr\u00f3nico info@pretiumbodega.com<\/p>\n<h4>2. Propiedad intelectual de la web<\/h4>\n<p>Todos los derechos de propiedad intelectual del contenido de esta p\u00e1gina web, su dise\u00f1o gr\u00e1fico y sus c\u00f3digos fuente, son titularidad exclusiva de Mi Empresa, correspondiendo a la misma el ejercicio exclusivo de sus derechos de explotaci\u00f3n. Por lo tanto, queda prohibida su reproducci\u00f3n, distribuci\u00f3n, comunicaci\u00f3n p\u00fablica y transformaci\u00f3n, total o parcial, sin la autorizaci\u00f3n expresa de Mi Empresa Sin perjuicio de la responsabilidad por da\u00f1os y perjuicios que se pudiera derivar, Mi Empresa podr\u00e1, con car\u00e1cter inmediato y sin necesidad de preaviso, resolver y dar por terminada su relaci\u00f3n con el usuario, interrumpiendo su acceso al sitio web o a sus correspondientes servicios, si detecta un uso de los mismos o de cualquiera de sus servicios contrario a las condiciones generales o particulares que sean de aplicaci\u00f3n. El usuario responder\u00e1 de los da\u00f1os y perjuicios de toda naturaleza que Mi Empresa pueda sufrir directa o indirectamente, como consecuencia del incumplimiento de cualquiera de las obligaciones derivadas de las condiciones generales o particulares en relaci\u00f3n con la utilizaci\u00f3n del sitio web o de cualquiera de los servicios vinculados al mismo. Igualmente, el usuario mantendr\u00e1 a Mi Empresa indemne frente a cualquier sanci\u00f3n, reclamaci\u00f3n o demanda que pudiera interponerse por un tercero, incluidos cualesquiera organismos p\u00fablicos, contra Mi Empresa o sus empleados como consecuencia de la violaci\u00f3n de cualesquiera derechos de terceros por parte de dicho usuario mediante la utilizaci\u00f3n del sitio web o de los servicios vinculados al mismo en una forma contraria a lo previsto en las condiciones generales o particulares que fueran de aplicaci\u00f3n.<\/p>\n<h4>3. Contenido de la web y enlaces<\/h4>\n<p>Mi Empresa no se responsabiliza del mal uso que se realice de los contenidos de su p\u00e1gina web, siendo exclusiva responsabilidad del usuario. Tampoco asume ninguna responsabilidad por la informaci\u00f3n contenida en las p\u00e1ginas web de terceros a las que se pueda acceder mediante enlaces presentes en la p\u00e1gina web www.midominio.com.<\/p>\n<h4>4. Actualizaci\u00f3n y modificaci\u00f3n de la p\u00e1gina web<\/h4>\n<p>Mi Empresa se reserva los derechos de actualizar, modificar y eliminar la informaci\u00f3n contenida en el sitio web www.midominio.com, y la configuraci\u00f3n o presentaci\u00f3n del mismo, en cualquier momento, sin previo aviso, y sin asumir responsabilidad alguna por ello.<\/p>\n<h4>5. Otros aspectos t\u00e9cnicos<\/h4>\n<p>Mi Empresa no asume ninguna responsabilidad que se pueda derivar de problemas t\u00e9cnicos o fallos en los equipos inform\u00e1ticos, no imputables a nuestra Sociedad, que se produzcan durante la conexi\u00f3n a la red de Internet, as\u00ed como de da\u00f1os que pudieran ser causados por terceras personas mediante intromisiones ileg\u00edtimas fuera del control de Mi Empresa<\/p>\n<h4>6. Pol\u00edtica de privacidad<\/h4>\n<p>De conformidad con lo dispuesto en la Ley Org\u00e1nica 15\/1999, de 13 de diciembre, de Protecci\u00f3n de Datos de Car\u00e1cter Personal (LOPD), le informamos que cualquier dato de car\u00e1cter personal proporcionado a trav\u00e9s de los distintos formularios de la presente p\u00e1gina web implica aceptar y consentir expresamente el tratamiento del mismo en los siguientes t\u00e9rminos.<\/p>\n<ul>\n<li>6.1. Responsable del fichero Mi Empresa con NIF 71.341.184-Z, es titular del sitio web www.pretiumbodega.com y responsable del fichero creado a partir de la informaci\u00f3n proporcionada por los usuarios a trav\u00e9s de los formularios de dicho sitio web.<\/li>\n<li>6.2. Finalidad de los datos La recogida y el tratamiento automatizado de los datos personales recabados en www.pretiumbodega.com tienen las siguientes finalidades: * La resoluci\u00f3n de las consultas, dudas y\/o sugerencias que el propio usuario plantee a trav\u00e9s de los formularios de la web. * El tratamiento de los datos con fines estad\u00edsticos e hist\u00f3ricos. En ning\u00fan caso ser\u00e1n utilizados para otras finalidades distintas de las presentadas anteriormente. Por otra parte, Pretium Bodega no informar\u00e1 sobre sus datos personales a ning\u00fan tercero.<\/li>\n<li>6.3. Deber de informaci\u00f3n y consentimiento del usuario Las personas titulares de los datos que figuran en los ficheros de Mi Empresa aceptan conocer de modo expreso, preciso e inequ\u00edvoco que sus datos se encuentran recopilados en un fichero propiedad de la empresa Mi Empresa y que son los adecuados, pertinentes y necesarios para la finalidad con la que han sido recabados, y, por lo tanto, dan su consentimiento para su tratamiento.<\/li>\n<li>6.4. Derecho de acceso, rectificaci\u00f3n, cancelaci\u00f3n y oposici\u00f3n de datos El usuario podr\u00e1 ejercer en cualquier momento su derecho de acceso, rectificaci\u00f3n, cancelaci\u00f3n y oposici\u00f3n de sus datos personales dirigi\u00e9ndose a: Berta Valga\u00f1\u00f3n Garc\u00eda Direcci\u00f3n C\/Mayor s\/n. 26212 Villaseca. La Rioja Tel\u00e9fono: (+34)630591159 \u2013 Email: Info@pretiumbodega.com<\/li>\n<li>6.5. Cookies Este sitio web utiliza cookies. Una cookie es un peque\u00f1o archivo de texto que se puede almacenar en el disco duro de su equipo para guardar alg\u00fan tipo de informaci\u00f3n sobre el usuario y que s\u00f3lo podr\u00e1 ser recuperada por el mismo sitio web que gener\u00f3 dicha cookie. www.pretiumbodega.com utiliza cookies con el \u00fanico objetivo de recopilar informaci\u00f3n acerca de c\u00f3mo los usuarios navegan en este sitio web. Para ello, se emplea el servicio anal\u00edtico Google Analytics ofrecido por Google, Inc. Podr\u00e1 hacer que su navegador le avise de la presencia de cookies o que las acepte o rechace autom\u00e1ticamente mediante la configuraci\u00f3n concreta del mismo. Para conocer c\u00f3mo establecer sus preferencias, busque \u201ccookie\u201d en la ayuda de su navegador.<\/li>\n<li>6.6. Estad\u00edsticas web Con el objetivo de mejorar el contenido proporcionado por www.pretiumbodega.com y adaptarlo a las necesidades de sus usuarios, el presente sitio web emplea Google Analytics como sistema de estad\u00edstica web. Por ello, se incluyen los siguientes t\u00e9rminos a la pol\u00edtica de privacidad del sitio: Google Analytics utiliza \u201ccookies\u201d, que son archivos de texto ubicados en su ordenador, para ayudar al website a analizar el uso que hacen los usuarios del sitio web. La informaci\u00f3n que genera la cookie acerca de su uso del website (incluyendo su direcci\u00f3n IP) ser\u00e1 directamente transmitida y archivada por Google en los servidores de Estados Unidos. Google usar\u00e1 esta informaci\u00f3n por cuenta nuestra con el prop\u00f3sito de seguir la pista de su uso del website, recopilando informes de la actividad del website y prestando otros servicios relacionados con la actividad del website y el uso de Internet. Google podr\u00e1 transmitir dicha informaci\u00f3n a terceros cuando as\u00ed se lo requiera la legislaci\u00f3n, o cuando dichos terceros procesen la informaci\u00f3n por cuenta de Google. Google no asociar\u00e1 su direcci\u00f3n IP con ning\u00fan otro dato del que disponga Google. Puede Usted rechazar el tratamiento de los datos o la informaci\u00f3n rechazando el uso de cookies mediante la selecci\u00f3n de la configuraci\u00f3n apropiada de su navegador, sin embargo, debe Usted saber que si lo hace puede ser que no pueda usar la plena funcionabilidad de este website. Al utilizar este website Usted consiente el tratamiento de informaci\u00f3n acerca de Usted por Google en la forma y para los fines arriba indicados.\u201d<\/li>\n<\/ul>\n<h4>7. Legislaci\u00f3n y jurisdicci\u00f3n aplicables<\/h4>\n<p>Estas condiciones generales se rigen por la legislaci\u00f3n espa\u00f1ola. Mi Empresa y el usuario, con renuncia expresa a otro fuero, se someten al de los Juzgados y Tribunales correspondientes al domicilio social de Mi Empresa para cualquier controversia que pudiera derivarse de la utilizaci\u00f3n del sitio web o de sus servicios. An\u00e1logamente, en el caso de que el usuario tenga su domicilio fuera de Espa\u00f1a, Mi Empresa y el usuario se someten, con renuncia expresa a cualquier otro fuero, a los juzgados y tribunales de la ciudad de Haro (Espa\u00f1a).[\/vc_column_text][\/vc_column][\/vc_row]\n","protected":false},"excerpt":{"rendered":"<p>[vc_row type=&#8221;full_width_background&#8221; full_screen_row_position=&#8221;middle&#8221; column_margin=&#8221;default&#8221; column_direction=&#8221;default&#8221; column_direction_tablet=&#8221;default&#8221; column_direction_phone=&#8221;default&#8221; scene_position=&#8221;center&#8221; top_padding=&#8221;100&#8243; constrain_group_1=&#8221;yes&#8221; bottom_padding=&#8221;100&#8243; left_padding_desktop=&#8221;200&#8243; constrain_group_2=&#8221;yes&#8221; right_padding_desktop=&#8221;200&#8243; text_color=&#8221;dark&#8221; text_align=&#8221;left&#8221; row_border_radius=&#8221;none&#8221; row_border_radius_applies=&#8221;bg&#8221;&#8230;<\/p>\n","protected":false},"author":1,"featured_media":0,"parent":0,"menu_order":0,"comment_status":"closed","ping_status":"open","template":"","meta":{"footnotes":""},"class_list":["post-1015","page","type-page","status-publish"],"yoast_head":"<!-- This site is optimized with the Yoast SEO plugin v21.5 - https:\/\/yoast.com\/wordpress\/plugins\/seo\/ -->\n<title>AVISO LEGAL - Berta Valga\u00f1\u00f3n Vi\u00f1edos y Vinos<\/title>\n<meta name=\"robots\" content=\"index, follow, max-snippet:-1, max-image-preview:large, max-video-preview:-1\" \/>\n<link rel=\"canonical\" href=\"https:\/\/bertavalganon.com\/en\/avisolegal\/\" \/>\n<meta property=\"og:locale\" content=\"en_US\" \/>\n<meta property=\"og:type\" content=\"article\" \/>\n<meta property=\"og:title\" content=\"AVISO LEGAL - Berta Valga\u00f1\u00f3n Vi\u00f1edos y Vinos\" \/>\n<meta property=\"og:description\" content=\"[vc_row type=&#8221;full_width_background&#8221; full_screen_row_position=&#8221;middle&#8221; column_margin=&#8221;default&#8221; column_direction=&#8221;default&#8221; column_direction_tablet=&#8221;default&#8221; column_direction_phone=&#8221;default&#8221; scene_position=&#8221;center&#8221; top_padding=&#8221;100&#8243; constrain_group_1=&#8221;yes&#8221; bottom_padding=&#8221;100&#8243; left_padding_desktop=&#8221;200&#8243; constrain_group_2=&#8221;yes&#8221; right_padding_desktop=&#8221;200&#8243; text_color=&#8221;dark&#8221; text_align=&#8221;left&#8221; row_border_radius=&#8221;none&#8221; row_border_radius_applies=&#8221;bg&#8221;...\" \/>\n<meta property=\"og:url\" content=\"https:\/\/bertavalganon.com\/en\/avisolegal\/\" \/>\n<meta property=\"og:site_name\" content=\"Berta Valga\u00f1\u00f3n Vi\u00f1edos y Vinos\" \/>\n<meta property=\"article:modified_time\" content=\"2023-11-16T15:10:10+00:00\" \/>\n<meta name=\"twitter:card\" content=\"summary_large_image\" \/>\n<meta name=\"twitter:label1\" content=\"Est. reading time\" \/>\n\t<meta name=\"twitter:data1\" content=\"7 minutes\" \/>\n<script type=\"application\/ld+json\" class=\"yoast-schema-graph\">{\"@context\":\"https:\/\/schema.org\",\"@graph\":[{\"@type\":\"WebPage\",\"@id\":\"https:\/\/bertavalganon.com\/en\/avisolegal\/\",\"url\":\"https:\/\/bertavalganon.com\/en\/avisolegal\/\",\"name\":\"AVISO LEGAL - Berta Valga\u00f1\u00f3n Vi\u00f1edos y Vinos\",\"isPartOf\":{\"@id\":\"https:\/\/bertavalganon.com\/en\/#website\"},\"datePublished\":\"2023-07-06T12:27:24+00:00\",\"dateModified\":\"2023-11-16T15:10:10+00:00\",\"breadcrumb\":{\"@id\":\"https:\/\/bertavalganon.com\/en\/avisolegal\/#breadcrumb\"},\"inLanguage\":\"en-US\",\"potentialAction\":[{\"@type\":\"ReadAction\",\"target\":[\"https:\/\/bertavalganon.com\/en\/avisolegal\/\"]}]},{\"@type\":\"BreadcrumbList\",\"@id\":\"https:\/\/bertavalganon.com\/en\/avisolegal\/#breadcrumb\",\"itemListElement\":[{\"@type\":\"ListItem\",\"position\":1,\"name\":\"Portada\",\"item\":\"https:\/\/bertavalganon.com\/en\/\"},{\"@type\":\"ListItem\",\"position\":2,\"name\":\"AVISO LEGAL\"}]},{\"@type\":\"WebSite\",\"@id\":\"https:\/\/bertavalganon.com\/en\/#website\",\"url\":\"https:\/\/bertavalganon.com\/en\/\",\"name\":\"Berta Valga\u00f1\u00f3n Vi\u00f1edos y Vinos\",\"description\":\"Berta Valga\u00f1\u00f3n Vi\u00f1edos y Vinos Rioja Alta\",\"potentialAction\":[{\"@type\":\"SearchAction\",\"target\":{\"@type\":\"EntryPoint\",\"urlTemplate\":\"https:\/\/bertavalganon.com\/en\/?s={search_term_string}\"},\"query-input\":\"required name=search_term_string\"}],\"inLanguage\":\"en-US\"}]}<\/script>\n<!-- \/ Yoast SEO plugin. -->","yoast_head_json":{"title":"AVISO LEGAL - Berta Valga\u00f1\u00f3n Vi\u00f1edos y Vinos","robots":{"index":"index","follow":"follow","max-snippet":"max-snippet:-1","max-image-preview":"max-image-preview:large","max-video-preview":"max-video-preview:-1"},"canonical":"https:\/\/bertavalganon.com\/en\/avisolegal\/","og_locale":"en_US","og_type":"article","og_title":"AVISO LEGAL - Berta Valga\u00f1\u00f3n Vi\u00f1edos y Vinos","og_description":"[vc_row type=&#8221;full_width_background&#8221; full_screen_row_position=&#8221;middle&#8221; column_margin=&#8221;default&#8221; column_direction=&#8221;default&#8221; column_direction_tablet=&#8221;default&#8221; column_direction_phone=&#8221;default&#8221; scene_position=&#8221;center&#8221; top_padding=&#8221;100&#8243; constrain_group_1=&#8221;yes&#8221; bottom_padding=&#8221;100&#8243; left_padding_desktop=&#8221;200&#8243; constrain_group_2=&#8221;yes&#8221; right_padding_desktop=&#8221;200&#8243; text_color=&#8221;dark&#8221; text_align=&#8221;left&#8221; row_border_radius=&#8221;none&#8221; row_border_radius_applies=&#8221;bg&#8221;...","og_url":"https:\/\/bertavalganon.com\/en\/avisolegal\/","og_site_name":"Berta Valga\u00f1\u00f3n Vi\u00f1edos y Vinos","article_modified_time":"2023-11-16T15:10:10+00:00","twitter_card":"summary_large_image","twitter_misc":{"Est. reading time":"7 minutes"},"schema":{"@context":"https:\/\/schema.org","@graph":[{"@type":"WebPage","@id":"https:\/\/bertavalganon.com\/en\/avisolegal\/","url":"https:\/\/bertavalganon.com\/en\/avisolegal\/","name":"AVISO LEGAL - Berta Valga\u00f1\u00f3n Vi\u00f1edos y Vinos","isPartOf":{"@id":"https:\/\/bertavalganon.com\/en\/#website"},"datePublished":"2023-07-06T12:27:24+00:00","dateModified":"2023-11-16T15:10:10+00:00","breadcrumb":{"@id":"https:\/\/bertavalganon.com\/en\/avisolegal\/#breadcrumb"},"inLanguage":"en-US","potentialAction":[{"@type":"ReadAction","target":["https:\/\/bertavalganon.com\/en\/avisolegal\/"]}]},{"@type":"BreadcrumbList","@id":"https:\/\/bertavalganon.com\/en\/avisolegal\/#breadcrumb","itemListElement":[{"@type":"ListItem","position":1,"name":"Portada","item":"https:\/\/bertavalganon.com\/en\/"},{"@type":"ListItem","position":2,"name":"AVISO LEGAL"}]},{"@type":"WebSite","@id":"https:\/\/bertavalganon.com\/en\/#website","url":"https:\/\/bertavalganon.com\/en\/","name":"Berta Valga\u00f1\u00f3n Vi\u00f1edos y Vinos","description":"Berta Valga\u00f1\u00f3n Vi\u00f1edos y Vinos Rioja Alta","potentialAction":[{"@type":"SearchAction","target":{"@type":"EntryPoint","urlTemplate":"https:\/\/bertavalganon.com\/en\/?s={search_term_string}"},"query-input":"required name=search_term_string"}],"inLanguage":"en-US"}]}},"_links":{"self":[{"href":"https:\/\/bertavalganon.com\/en\/wp-json\/wp\/v2\/pages\/1015","targetHints":{"allow":["GET"]}}],"collection":[{"href":"https:\/\/bertavalganon.com\/en\/wp-json\/wp\/v2\/pages"}],"about":[{"href":"https:\/\/bertavalganon.com\/en\/wp-json\/wp\/v2\/types\/page"}],"author":[{"embeddable":true,"href":"https:\/\/bertavalganon.com\/en\/wp-json\/wp\/v2\/users\/1"}],"replies":[{"embeddable":true,"href":"https:\/\/bertavalganon.com\/en\/wp-json\/wp\/v2\/comments?post=1015"}],"version-history":[{"count":1,"href":"https:\/\/bertavalganon.com\/en\/wp-json\/wp\/v2\/pages\/1015\/revisions"}],"predecessor-version":[{"id":1021,"href":"https:\/\/bertavalganon.com\/en\/wp-json\/wp\/v2\/pages\/1015\/revisions\/1021"}],"wp:attachment":[{"href":"https:\/\/bertavalganon.com\/en\/wp-json\/wp\/v2\/media?parent=1015"}],"curies":[{"name":"wp","href":"https:\/\/api.w.org\/{rel}","templated":true}]}}