{"id":1018,"date":"2023-07-15T04:04:44","date_gmt":"2023-07-15T04:04:44","guid":{"rendered":"https:\/\/bertavalganon.com\/politica-de-cookies\/"},"modified":"2023-11-16T16:17:27","modified_gmt":"2023-11-16T16:17:27","slug":"politica-de-cookies","status":"publish","type":"page","link":"https:\/\/bertavalganon.com\/en\/politica-de-cookies\/","title":{"rendered":"Pol\u00edtica de cookies"},"content":{"rendered":"[vc_row type=&#8221;full_width_background&#8221; full_screen_row_position=&#8221;middle&#8221; column_margin=&#8221;default&#8221; column_direction=&#8221;default&#8221; column_direction_tablet=&#8221;default&#8221; column_direction_phone=&#8221;default&#8221; scene_position=&#8221;center&#8221; top_padding=&#8221;100&#8243; constrain_group_1=&#8221;yes&#8221; bottom_padding=&#8221;100&#8243; left_padding_desktop=&#8221;200&#8243; constrain_group_2=&#8221;yes&#8221; right_padding_desktop=&#8221;200&#8243; top_padding_phone=&#8221;50&#8243; constrain_group_5=&#8221;yes&#8221; bottom_padding_phone=&#8221;50&#8243; left_padding_phone=&#8221;10&#8243; constrain_group_6=&#8221;yes&#8221; right_padding_phone=&#8221;10&#8243; text_color=&#8221;dark&#8221; text_align=&#8221;left&#8221; row_border_radius=&#8221;none&#8221; row_border_radius_applies=&#8221;bg&#8221; overflow=&#8221;visible&#8221; overlay_strength=&#8221;0.3&#8243; gradient_direction=&#8221;left_to_right&#8221; shape_divider_position=&#8221;bottom&#8221; bg_image_animation=&#8221;none&#8221; gradient_type=&#8221;default&#8221; shape_type=&#8221;&#8221;][vc_column column_padding=&#8221;no-extra-padding&#8221; column_padding_tablet=&#8221;inherit&#8221; column_padding_phone=&#8221;inherit&#8221; column_padding_position=&#8221;all&#8221; column_element_direction_desktop=&#8221;default&#8221; column_element_spacing=&#8221;default&#8221; desktop_text_alignment=&#8221;default&#8221; tablet_text_alignment=&#8221;default&#8221; phone_text_alignment=&#8221;default&#8221; background_color=&#8221;#e0e0d8&#8243; background_color_opacity=&#8221;0.9&#8243; background_color_hover=&#8221;#e0e0d8&#8243; background_hover_color_opacity=&#8221;0.9&#8243; background_image=&#8221;521&#8243; background_image_position=&#8221;center center&#8221; background_image_stacking=&#8221;default&#8221; background_image_loading=&#8221;lazy-load&#8221; column_backdrop_filter=&#8221;none&#8221; column_shadow=&#8221;none&#8221; column_border_radius=&#8221;none&#8221; column_link_target=&#8221;_self&#8221; column_position=&#8221;default&#8221; gradient_direction=&#8221;left_to_right&#8221; overlay_strength=&#8221;0.3&#8243; width=&#8221;1\/1&#8243; tablet_width_inherit=&#8221;default&#8221; animation_type=&#8221;default&#8221; bg_image_animation=&#8221;none&#8221; border_type=&#8221;simple&#8221; column_border_width=&#8221;none&#8221; column_border_style=&#8221;solid&#8221; column_padding_type=&#8221;default&#8221; gradient_type=&#8221;default&#8221;][vc_column_text]\n<h3>Pol\u00edtica de cookies<\/h3>\n<p>El sitio web pretiumbodega.com usa Cookies para mejorar y optimizar la experiencia del usuario. A continuaci\u00f3n le ampliaremos la informaci\u00f3n sobre la utilidad de las Cookies, para qu\u00e9 sirven, tipos de Cookies que se utilizan en pretiumbodega.com, c\u00f3mo desactivarlas en los diferentes navegadores y c\u00f3mo poder bloquear la instalaci\u00f3n de Cookies de terceros.<\/p>\n<h4>\u00bfQu\u00e9 son las Cookies?<\/h4>\n<p>Las Cookies son fragmentos de informaci\u00f3n que se almacenan en el navegador o en el dispositivo del usuario durante su navegaci\u00f3n por p\u00e1ginas o aplicaciones, con informaci\u00f3n sobre su visita. Se utilizan para:<\/p>\n<ul>\n<li>Confirmar el buen funcionamiento de las p\u00e1ginas web<\/li>\n<li>Memorizar las preferencias del usuario: idioma, tama\u00f1o de letra,\u2026<\/li>\n<li>Estudiar la experiencia de uso al navegar por la web<\/li>\n<li>Recopilar datos estad\u00edsticos de manera an\u00f3nima sobre el uso de la web: p\u00e1ginas vistas, duraci\u00f3n de la visita,\u2026<\/li>\n<\/ul>\n<p>Gracias a las Cookies es posible optimizar la navegaci\u00f3n de los usuarios, adaptando los contenidos y los servicios a sus intereses, de manera que cada vez su experiencia sea mejor. La web pretiumbodega.com utiliza cookies para funcionar, adaptar y mejorar la navegaci\u00f3n del usuario.<\/p>\n<p>Las Cookies se asocian a un usuario an\u00f3nimo y a su ordenador o dispositivo, sin acceder en ning\u00fan momento a informaci\u00f3n personal del usuario. A trav\u00e9s de la configuraci\u00f3n del navegador se podr\u00e1n realizar cambios en la instalaci\u00f3n de las Cookies que son enviadas a nuestra p\u00e1gina, sin bloquearse por ello el acceso a su contenido, aunque puede influir en la calidad del servicio.<\/p>\n<p>Por otro lado, en las comunicaciones a trav\u00e9s de herramientas de email marketing, se utilizan peque\u00f1as im\u00e1genes invisibles que sirven para detectar si el usuario ha abierto o no el email, en qu\u00e9 fecha, etc. y con estos datos se realizan estudios y se aplican mejoras en las comunicaciones.<\/p>\n<h4>\u00bfPor qu\u00e9 son importantes para una p\u00e1gina web?<\/h4>\n<ul>\n<li>T\u00e9cnicamente, las Cookies dan agilidad a las p\u00e1ginas web, ya que permiten adaptarse a las preferencias de los usuarios: idioma, moneda, pa\u00eds,\u2026<\/li>\n<li>Aportan seguridad, al dificultar los ataques contra la web o sus usuarios<\/li>\n<li>Los datos estad\u00edsticos que ofrecen son muy importantes para los propietarios de la web, ya que permiten mejorar su calidad y su facilidad de uso.<\/li>\n<\/ul>\n<h4>\u00bfQu\u00e9 tipos de Cookies se utilizan en pretiumbodega.com?<\/h4>\n<ul>\n<li>Cookies de sesi\u00f3n: Son cookies que se guardan s\u00f3lo durante la navegaci\u00f3n por la p\u00e1gina y una vez que se abandona estas cookies se borran y desaparecen del ordenador.<\/li>\n<li>Cookies permanentes: Son cookies que estar\u00e1n activas hasta que finalice su funci\u00f3n concreta, y pueden expirar cuando sean borradas manualmente o cuando llegue su fecha de borrado. Por ejemplo, en los procesos de compra se utilizan, para no tener que insertar la contrase\u00f1a continuamente.<br \/>\nOtra forma de clasificar las Cookies es en funci\u00f3n del sitio que las genere, pudiendo ser:<\/li>\n<li>Cookies propias: Son Cookies generadas por nuestro sitio web y cuya funci\u00f3n es mejorar la calidad de la p\u00e1gina y ofrecer una \u00f3ptima experiencia de uso.<\/li>\n<li>Cookies de terceros: Son Cookies generadas por otros dominios que no son de nuestra propiedad. No tenemos acceso a la informaci\u00f3n almacenada por ellos cuando se acceda a dichos sitios web (por ejemplo, redes sociales o v\u00eddeos).<br \/>\nNavegar por este portal web supone que se puedan instalar los siguientes tipos de Cookies:<\/li>\n<\/ul>\n<p>Cookies de rendimiento:<\/p>\n<p>Son cookies que se utilizan para mejorar la experiencia de navegaci\u00f3n de los usuarios y optimizar el funcionamiento de la web. Almacenan configuraciones de servicios para que no se tengan que reconfigurar cada vez que se visite.<\/p>\n<p>Por ejemplo:<\/p>\n<ul>\n<li>Ajustes de volumen en reproducciones de v\u00eddeo o sonido.<\/li>\n<li>Velocidades de transmisi\u00f3n de v\u00eddeo \u00f3ptimas.<\/li>\n<li>Almacenar la compra realizada en un carrito de la compra.<\/li>\n<\/ul>\n<p>Cookies de registro:<\/p>\n<p>Se crean al registrarse un usuario o al iniciar sesi\u00f3n en la web.<\/p>\n<p>Sirven, por ejemplo, para:<\/p>\n<ul>\n<li>Mantener al usuario autenticado aunque se cierre el navegador y no tenga que volver a identificarse cuando vuelva a la web, a no ser que cierre sesi\u00f3n.<\/li>\n<\/ul>\n<p>Cookies anal\u00edticas:<\/p>\n<p>Recopilan informaci\u00f3n de la experiencia de navegaci\u00f3n del usuario en el sitio web de forma totalmente an\u00f3nima.<\/p>\n<p>Sirven, por ejemplo, para:<\/p>\n<ul>\n<li>Contabilizar las visitas a la p\u00e1gina o los contenidos m\u00e1s populares.<\/li>\n<li>Saber si los usuarios son nuevos y repiten vista.<\/li>\n<li>Conocer informaci\u00f3n que nos ayude a mejorar el servicio de la web y su navegaci\u00f3n.<\/li>\n<\/ul>\n<p>En algunas zonas de la web se puede encontrar contenido integrado con redes sociales. Si se utiliza el registro social, se autoriza a la red social a poder almacenar una Cookie para recordar la identificaci\u00f3n en el servicio. Esta Cookie es persistente y agiliza el acceso en visitas posteriores. Es posible eliminarla y modificar la privacidad en la configuraci\u00f3n de la propia red social.<\/p>\n<h4>\u00bfC\u00f3mo puedo configurar mis Cookies?<\/h4>\n<p>La navegaci\u00f3n por nuestra web supone por parte del usuario el consentimiento para el uso de las Cookies, en base a las condiciones que se marcan en la presente Pol\u00edtica de Cookies. Desde pretiumbodega.com se facilita el acceso a esta informaci\u00f3n en el momento en el que el usuario accede a la p\u00e1gina, permitiendo que el visitante pueda en cualquier momento borrar, bloquear o rechazar el uso de Cookies desde la configuraci\u00f3n de su navegador.<\/p>\n<p>Mediante la configuraci\u00f3n de su navegador web puede deshabilitar o bloquear las Cookies, e incluso rechazar la instalaci\u00f3n de algunas de ellas o de todas las Cookies. Se podr\u00e1 en la mayor\u00eda de navegadores, para que rechace la instalaci\u00f3n de Cookies autom\u00e1ticamente o para que avisen de su presencia. Aunque rechace la instalaci\u00f3n de Cookies, podr\u00e1 seguir navegando por pretiumbodega.com aunque esto limitar\u00e1 algunos servicios y empeorar\u00e1 la experiencia de uso de la web.<\/p>\n<p>En los siguientes enlaces se puede consultar la forma de modificar la configuraci\u00f3n para los distintos navegadores:<\/p>\n<p>Internet Explorer\u2122 :<\/p>\n<p>Versi\u00f3n 5<br \/>\nhttp:\/\/support.microsoft.com\/kb\/196955\/es<\/p>\n<p>Versi\u00f3n 6<br \/>\nhttp:\/\/support.microsoft.com\/kb\/283185\/es<\/p>\n<p>Versi\u00f3n 7 y 8<br \/>\nhttp:\/\/windows.microsoft.com\/es-ES\/windows-vista\/Block-or-allow-cookies<\/p>\n<p>Versi\u00f3n 9<br \/>\nhttp:\/\/windows.microsoft.com\/es-ES\/windows7\/How-to-manage-cookies-in-Internet-Explorer-9<\/p>\n<p>Safari\u2122:<br \/>\nhttp:\/\/support.apple.com\/kb\/PH5042?viewlocale=es_ES<br \/>\nhttp:\/\/support.apple.com\/kb\/HT1677?viewlocale=es_ES<\/p>\n<p>Google\u2122:<br \/>\nhttps:\/\/support.google.com\/chrome\/answer\/95647?hl=es&#038;hlrm=en<\/p>\n<p>Firefox\u2122:<br \/>\nhttp:\/\/support.mozilla.org\/es\/kb\/cookies-informacion-que-los-sitios-web-guardan-en-?redirectlocale=en-US&#038;redirectslug=Cookies<\/p>\n<p>Opera\u2122 :<br \/>\nhttp:\/\/help.opera.com\/Windows\/11.50\/es-ES\/cookies.html<\/p>\n<p>Android:<br \/>\nhttp:\/\/support.google.com\/android\/?hl=es<\/p>\n<p>Windows Phone:<br \/>\nhttp:\/\/www.windowsphone.com\/es-ES\/how-to\/wp7\/web\/changing-privacy-and-other-browser-settings<\/p>\n<p>Blackberry:<br \/>\nhttp:\/\/docs.blackberry.com\/en\/smartphone_users\/deliverables\/18578\/Turn_off_cookies_in_the_browser_60_1072866_11.jsp<\/p>\n<p>Actualizaci\u00f3n de nuestra Pol\u00edtica de Cookies<br \/>\nLa presente Pol\u00edtica de Cookies puede ser actualizada, por lo que recomendamos volver a acceder a esta p\u00e1gina para estar informado correctamente sobre las Cookies utilizadas.[\/vc_column_text][\/vc_column][\/vc_row]\n","protected":false},"excerpt":{"rendered":"<p>[vc_row type=&#8221;full_width_background&#8221; full_screen_row_position=&#8221;middle&#8221; column_margin=&#8221;default&#8221; column_direction=&#8221;default&#8221; column_direction_tablet=&#8221;default&#8221; column_direction_phone=&#8221;default&#8221; scene_position=&#8221;center&#8221; top_padding=&#8221;100&#8243; constrain_group_1=&#8221;yes&#8221; bottom_padding=&#8221;100&#8243; left_padding_desktop=&#8221;200&#8243; constrain_group_2=&#8221;yes&#8221; right_padding_desktop=&#8221;200&#8243; top_padding_phone=&#8221;50&#8243; constrain_group_5=&#8221;yes&#8221; bottom_padding_phone=&#8221;50&#8243; left_padding_phone=&#8221;10&#8243;&#8230;<\/p>\n","protected":false},"author":2,"featured_media":0,"parent":0,"menu_order":0,"comment_status":"closed","ping_status":"open","template":"","meta":{"footnotes":""},"class_list":["post-1018","page","type-page","status-publish"],"yoast_head":"<!-- This site is optimized with the Yoast SEO plugin v21.5 - https:\/\/yoast.com\/wordpress\/plugins\/seo\/ -->\n<title>Pol\u00edtica de cookies - Berta Valga\u00f1\u00f3n Vi\u00f1edos y Vinos<\/title>\n<meta name=\"robots\" content=\"index, follow, max-snippet:-1, max-image-preview:large, max-video-preview:-1\" \/>\n<link rel=\"canonical\" href=\"https:\/\/bertavalganon.com\/en\/politica-de-cookies\/\" \/>\n<meta property=\"og:locale\" content=\"en_US\" \/>\n<meta property=\"og:type\" content=\"article\" \/>\n<meta property=\"og:title\" content=\"Pol\u00edtica de cookies - Berta Valga\u00f1\u00f3n Vi\u00f1edos y Vinos\" \/>\n<meta property=\"og:description\" content=\"[vc_row type=&#8221;full_width_background&#8221; full_screen_row_position=&#8221;middle&#8221; column_margin=&#8221;default&#8221; column_direction=&#8221;default&#8221; column_direction_tablet=&#8221;default&#8221; column_direction_phone=&#8221;default&#8221; scene_position=&#8221;center&#8221; top_padding=&#8221;100&#8243; constrain_group_1=&#8221;yes&#8221; bottom_padding=&#8221;100&#8243; left_padding_desktop=&#8221;200&#8243; constrain_group_2=&#8221;yes&#8221; right_padding_desktop=&#8221;200&#8243; top_padding_phone=&#8221;50&#8243; constrain_group_5=&#8221;yes&#8221; bottom_padding_phone=&#8221;50&#8243; left_padding_phone=&#8221;10&#8243;...\" \/>\n<meta property=\"og:url\" content=\"https:\/\/bertavalganon.com\/en\/politica-de-cookies\/\" \/>\n<meta property=\"og:site_name\" content=\"Berta Valga\u00f1\u00f3n Vi\u00f1edos y Vinos\" \/>\n<meta property=\"article:modified_time\" content=\"2023-11-16T16:17:27+00:00\" \/>\n<meta name=\"twitter:card\" content=\"summary_large_image\" \/>\n<meta name=\"twitter:label1\" content=\"Est. reading time\" \/>\n\t<meta name=\"twitter:data1\" content=\"7 minutes\" \/>\n<script type=\"application\/ld+json\" class=\"yoast-schema-graph\">{\"@context\":\"https:\/\/schema.org\",\"@graph\":[{\"@type\":\"WebPage\",\"@id\":\"https:\/\/bertavalganon.com\/en\/politica-de-cookies\/\",\"url\":\"https:\/\/bertavalganon.com\/en\/politica-de-cookies\/\",\"name\":\"Pol\u00edtica de cookies - Berta Valga\u00f1\u00f3n Vi\u00f1edos y Vinos\",\"isPartOf\":{\"@id\":\"https:\/\/bertavalganon.com\/en\/#website\"},\"datePublished\":\"2023-07-15T04:04:44+00:00\",\"dateModified\":\"2023-11-16T16:17:27+00:00\",\"breadcrumb\":{\"@id\":\"https:\/\/bertavalganon.com\/en\/politica-de-cookies\/#breadcrumb\"},\"inLanguage\":\"en-US\",\"potentialAction\":[{\"@type\":\"ReadAction\",\"target\":[\"https:\/\/bertavalganon.com\/en\/politica-de-cookies\/\"]}]},{\"@type\":\"BreadcrumbList\",\"@id\":\"https:\/\/bertavalganon.com\/en\/politica-de-cookies\/#breadcrumb\",\"itemListElement\":[{\"@type\":\"ListItem\",\"position\":1,\"name\":\"Portada\",\"item\":\"https:\/\/bertavalganon.com\/en\/\"},{\"@type\":\"ListItem\",\"position\":2,\"name\":\"Pol\u00edtica de cookies\"}]},{\"@type\":\"WebSite\",\"@id\":\"https:\/\/bertavalganon.com\/en\/#website\",\"url\":\"https:\/\/bertavalganon.com\/en\/\",\"name\":\"Berta Valga\u00f1\u00f3n Vi\u00f1edos y Vinos\",\"description\":\"Berta Valga\u00f1\u00f3n Vi\u00f1edos y Vinos Rioja Alta\",\"potentialAction\":[{\"@type\":\"SearchAction\",\"target\":{\"@type\":\"EntryPoint\",\"urlTemplate\":\"https:\/\/bertavalganon.com\/en\/?s={search_term_string}\"},\"query-input\":\"required name=search_term_string\"}],\"inLanguage\":\"en-US\"}]}<\/script>\n<!-- \/ Yoast SEO plugin. -->","yoast_head_json":{"title":"Pol\u00edtica de cookies - Berta Valga\u00f1\u00f3n Vi\u00f1edos y Vinos","robots":{"index":"index","follow":"follow","max-snippet":"max-snippet:-1","max-image-preview":"max-image-preview:large","max-video-preview":"max-video-preview:-1"},"canonical":"https:\/\/bertavalganon.com\/en\/politica-de-cookies\/","og_locale":"en_US","og_type":"article","og_title":"Pol\u00edtica de cookies - Berta Valga\u00f1\u00f3n Vi\u00f1edos y Vinos","og_description":"[vc_row type=&#8221;full_width_background&#8221; full_screen_row_position=&#8221;middle&#8221; column_margin=&#8221;default&#8221; column_direction=&#8221;default&#8221; column_direction_tablet=&#8221;default&#8221; column_direction_phone=&#8221;default&#8221; scene_position=&#8221;center&#8221; top_padding=&#8221;100&#8243; constrain_group_1=&#8221;yes&#8221; bottom_padding=&#8221;100&#8243; left_padding_desktop=&#8221;200&#8243; constrain_group_2=&#8221;yes&#8221; right_padding_desktop=&#8221;200&#8243; top_padding_phone=&#8221;50&#8243; constrain_group_5=&#8221;yes&#8221; bottom_padding_phone=&#8221;50&#8243; left_padding_phone=&#8221;10&#8243;...","og_url":"https:\/\/bertavalganon.com\/en\/politica-de-cookies\/","og_site_name":"Berta Valga\u00f1\u00f3n Vi\u00f1edos y Vinos","article_modified_time":"2023-11-16T16:17:27+00:00","twitter_card":"summary_large_image","twitter_misc":{"Est. reading time":"7 minutes"},"schema":{"@context":"https:\/\/schema.org","@graph":[{"@type":"WebPage","@id":"https:\/\/bertavalganon.com\/en\/politica-de-cookies\/","url":"https:\/\/bertavalganon.com\/en\/politica-de-cookies\/","name":"Pol\u00edtica de cookies - Berta Valga\u00f1\u00f3n Vi\u00f1edos y Vinos","isPartOf":{"@id":"https:\/\/bertavalganon.com\/en\/#website"},"datePublished":"2023-07-15T04:04:44+00:00","dateModified":"2023-11-16T16:17:27+00:00","breadcrumb":{"@id":"https:\/\/bertavalganon.com\/en\/politica-de-cookies\/#breadcrumb"},"inLanguage":"en-US","potentialAction":[{"@type":"ReadAction","target":["https:\/\/bertavalganon.com\/en\/politica-de-cookies\/"]}]},{"@type":"BreadcrumbList","@id":"https:\/\/bertavalganon.com\/en\/politica-de-cookies\/#breadcrumb","itemListElement":[{"@type":"ListItem","position":1,"name":"Portada","item":"https:\/\/bertavalganon.com\/en\/"},{"@type":"ListItem","position":2,"name":"Pol\u00edtica de cookies"}]},{"@type":"WebSite","@id":"https:\/\/bertavalganon.com\/en\/#website","url":"https:\/\/bertavalganon.com\/en\/","name":"Berta Valga\u00f1\u00f3n Vi\u00f1edos y Vinos","description":"Berta Valga\u00f1\u00f3n Vi\u00f1edos y Vinos Rioja Alta","potentialAction":[{"@type":"SearchAction","target":{"@type":"EntryPoint","urlTemplate":"https:\/\/bertavalganon.com\/en\/?s={search_term_string}"},"query-input":"required name=search_term_string"}],"inLanguage":"en-US"}]}},"_links":{"self":[{"href":"https:\/\/bertavalganon.com\/en\/wp-json\/wp\/v2\/pages\/1018","targetHints":{"allow":["GET"]}}],"collection":[{"href":"https:\/\/bertavalganon.com\/en\/wp-json\/wp\/v2\/pages"}],"about":[{"href":"https:\/\/bertavalganon.com\/en\/wp-json\/wp\/v2\/types\/page"}],"author":[{"embeddable":true,"href":"https:\/\/bertavalganon.com\/en\/wp-json\/wp\/v2\/users\/2"}],"replies":[{"embeddable":true,"href":"https:\/\/bertavalganon.com\/en\/wp-json\/wp\/v2\/comments?post=1018"}],"version-history":[{"count":1,"href":"https:\/\/bertavalganon.com\/en\/wp-json\/wp\/v2\/pages\/1018\/revisions"}],"predecessor-version":[{"id":1052,"href":"https:\/\/bertavalganon.com\/en\/wp-json\/wp\/v2\/pages\/1018\/revisions\/1052"}],"wp:attachment":[{"href":"https:\/\/bertavalganon.com\/en\/wp-json\/wp\/v2\/media?parent=1018"}],"curies":[{"name":"wp","href":"https:\/\/api.w.org\/{rel}","templated":true}]}}